{"id":1078,"date":"2020-01-29T13:38:21","date_gmt":"2020-01-29T13:38:21","guid":{"rendered":"https:\/\/staging.fairburn-estate.co.uk\/?page_id=1078"},"modified":"2024-06-04T16:09:08","modified_gmt":"2024-06-04T16:09:08","slug":"fairburn-tower","status":"publish","type":"page","link":"https:\/\/fairburn-estate.co.uk\/?page_id=1078","title":{"rendered":"Fairburn Tower"},"content":{"rendered":"<p>[et_pb_section fb_built=&#8221;1&#8243; _builder_version=&#8221;4.16&#8243; global_colors_info=&#8221;{}&#8221;][et_pb_row _builder_version=&#8221;4.16&#8243; global_colors_info=&#8221;{}&#8221;][et_pb_column type=&#8221;4_4&#8243; _builder_version=&#8221;4.16&#8243; global_colors_info=&#8221;{}&#8221;][et_pb_image src=&#8221;https:\/\/fairburn-estate.co.uk\/wp-content\/uploads\/2024\/05\/Fairburn-Tower-2011-and-2022-low-res.jpg&#8221; title_text=&#8221;Fairburn Tower 2011 and 2022 low res&#8221; _builder_version=&#8221;4.25.1&#8243; animation_style=&#8221;fade&#8221; global_colors_info=&#8221;{}&#8221;][\/et_pb_image][\/et_pb_column][\/et_pb_row][et_pb_row _builder_version=&#8221;4.16&#8243; global_colors_info=&#8221;{}&#8221;][et_pb_column type=&#8221;4_4&#8243; _builder_version=&#8221;4.16&#8243; global_colors_info=&#8221;{}&#8221;][et_pb_image src=&#8221;https:\/\/fairburn-estate.co.uk\/wp-content\/uploads\/2024\/05\/Tower.jpg&#8221; title_text=&#8221;Tower&#8221; _builder_version=&#8221;4.25.1&#8243; global_colors_info=&#8221;{}&#8221;][\/et_pb_image][et_pb_image src=&#8221;https:\/\/fairburn-estate.co.uk\/wp-content\/uploads\/2024\/05\/2-F-Tower-3rd-De.-23.jpg&#8221; title_text=&#8221;2 F Tower 3rd De. 23&#8243; _builder_version=&#8221;4.25.1&#8243; global_colors_info=&#8221;{}&#8221;][\/et_pb_image][et_pb_image src=&#8221;https:\/\/fairburn-estate.co.uk\/wp-content\/uploads\/2024\/05\/5-F-Tower-3rd-De.-23.jpg&#8221; title_text=&#8221;5 F Tower 3rd De. 23&#8243; _builder_version=&#8221;4.25.1&#8243; global_colors_info=&#8221;{}&#8221;][\/et_pb_image][et_pb_image src=&#8221;https:\/\/fairburn-estate.co.uk\/wp-content\/uploads\/2024\/05\/Tower-3rd-De.-23.jpg&#8221; title_text=&#8221;Tower 3rd De. 23&#8243; _builder_version=&#8221;4.25.1&#8243; global_colors_info=&#8221;{}&#8221;][\/et_pb_image][et_pb_image src=&#8221;https:\/\/fairburn-estate.co.uk\/wp-content\/uploads\/2024\/06\/Fairburn-Estate-June-2024-35.jpg&#8221; title_text=&#8221;Fairburn Estate June 2024 35&#8243; _builder_version=&#8221;4.25.1&#8243; hover_enabled=&#8221;0&#8243; global_colors_info=&#8221;{}&#8221; sticky_enabled=&#8221;0&#8243;][\/et_pb_image][\/et_pb_column][\/et_pb_row][\/et_pb_section][et_pb_section fb_built=&#8221;1&#8243; _builder_version=&#8221;4.16&#8243; custom_padding=&#8221;9px|0px|7px|0px|false|false&#8221; global_colors_info=&#8221;{}&#8221;][et_pb_row _builder_version=&#8221;4.16&#8243; background_size=&#8221;initial&#8221; background_position=&#8221;top_left&#8221; background_repeat=&#8221;repeat&#8221; custom_padding=&#8221;4px|0px|27px|0px|false|false&#8221; global_colors_info=&#8221;{}&#8221;][et_pb_column type=&#8221;4_4&#8243; _builder_version=&#8221;4.16&#8243; custom_padding=&#8221;|||&#8221; global_colors_info=&#8221;{}&#8221; custom_padding__hover=&#8221;|||&#8221;][et_pb_text _builder_version=&#8221;4.25.1&#8243; background_size=&#8221;initial&#8221; background_position=&#8221;top_left&#8221; background_repeat=&#8221;repeat&#8221; min_height=&#8221;169px&#8221; custom_padding=&#8221;||0px|||&#8221; global_colors_info=&#8221;{}&#8221;]<\/p>\n<h2><span class=\"style5\">Fairburn Tower<\/span><\/h2>\n<p><span class=\"style5\"><\/span><\/p>\n<p>Fairburn Tower was constructed in 1545 for Murdo Mackenzie, the 1st of Fairburn. He had spent time at the Court of King James V and was a Gentleman of the Bedchamber. Murdo obtained a Charter for the Lands of Fairburn in 1542.<br \/>One of his successors added the stair tower.<br \/>It was probably Alexander, the 8th of Fairburn, who added a dining room, from \u2018two cupples of a Creel House\u2019, which were strengthened with stone and lime walls. On 19th August 1762 Bishop Forbes dined at Fairburn.<br \/>By the time Alexander, the 10th and last Mackenzie of Fairburn, inherited the tower and the lands of Fairburn in 1793, the building was beginning to fall into disrepair.<br \/>In 1851 a local farmer was using the tower to store hay. A cow followed a trail of hay into the tower and became stuck in the building. She gave birth to a calf inside the tower, fulfilling the prophecy made by the Brahan Seer in the 17th century.<br \/>The dining room, built adjoining the tower, was turned into farm cottages which were occupied up until the 1930\u2019s. After which they, too, became ruined.<\/p>\n<p>In 2020 The Landmark Trust took on a lease of Fairburn Tower. The restoration of the tower was completed in 2022. It is now a most wonderful getaway self-catering experience. To find out more about The Landmark Trust and book a stay at Fairburn Tower, click the link below.<\/p>\n<p><a href=\"https:\/\/www.landmarktrust.org.uk\/support-us\/projects-and-appeals\/fairburn-tower-appeal\/\" target=\"_blank\" rel=\"noopener noreferrer\">The Landmark Trust website<\/a><\/p>\n<p><span style=\"color: #008000;\"><strong>Two of the last Mackenzies connected with Fairburn Tower are General Sir Alexander Mackenzie of Fairburn 1771-1853 and Barbara Mackenzie 1770-1836.<\/strong><\/span><\/p>\n<p>Portrait of Mrs Kenneth Murchison (1793) By Sir Henry Raeburn \u2013 <a href=\"https:\/\/www.szepmuveszeti.hu\" target=\"_blank\" rel=\"noopener noreferrer\">Sz\u00e9pm\u0171v\u00e9szeti M\u00fazeum<\/a>, Budapest.<\/p>\n<p>Artist illustration of General Sir Alexander Mackenzie of Fairburn.<\/p>\n<p>[\/et_pb_text][\/et_pb_column][\/et_pb_row][et_pb_row column_structure=&#8221;1_2,1_2&#8243; _builder_version=&#8221;4.16&#8243; global_colors_info=&#8221;{}&#8221;][et_pb_column type=&#8221;1_2&#8243; _builder_version=&#8221;4.16&#8243; global_colors_info=&#8221;{}&#8221;][et_pb_image src=&#8221;\/wp-content\/uploads\/2020\/02\/Mrs-Kenneth-Murchison-for-website.jpg&#8221; _builder_version=&#8221;4.16&#8243; global_colors_info=&#8221;{}&#8221;][\/et_pb_image][\/et_pb_column][et_pb_column type=&#8221;1_2&#8243; _builder_version=&#8221;4.16&#8243; global_colors_info=&#8221;{}&#8221;][et_pb_image src=&#8221;\/wp-content\/uploads\/2020\/02\/General-Sir-Alexander-Mackenzie-for-website.jpg&#8221; _builder_version=&#8221;4.16&#8243; global_colors_info=&#8221;{}&#8221;][\/et_pb_image][\/et_pb_column][\/et_pb_row][\/et_pb_section][et_pb_section fb_built=&#8221;1&#8243; _builder_version=&#8221;4.16&#8243; custom_padding=&#8221;0|0px|5px|0px|false|false&#8221; global_colors_info=&#8221;{}&#8221;][et_pb_row _builder_version=&#8221;4.16&#8243; custom_padding=&#8221;0|0px|27px|0px|false|false&#8221; global_colors_info=&#8221;{}&#8221;][et_pb_column type=&#8221;4_4&#8243; _builder_version=&#8221;4.16&#8243; custom_padding=&#8221;|||&#8221; global_colors_info=&#8221;{}&#8221; custom_padding__hover=&#8221;|||&#8221;][et_pb_image src=&#8221;\/wp-content\/uploads\/2019\/04\/Fairburn-Estate-logo.png&#8221; align_tablet=&#8221;center&#8221; align_phone=&#8221;&#8221; align_last_edited=&#8221;on|desktop&#8221; _builder_version=&#8221;4.16&#8243; max_width=&#8221;39%&#8221; module_alignment=&#8221;center&#8221; global_colors_info=&#8221;{}&#8221;][\/et_pb_image][\/et_pb_column][\/et_pb_row][\/et_pb_section]<\/p>\n","protected":false},"excerpt":{"rendered":"<p>Fairburn Tower Fairburn Tower was constructed in 1545 for Murdo Mackenzie, the 1st of Fairburn. He had spent time at the Court of King James V and was a Gentleman of the Bedchamber. Murdo obtained a Charter for the Lands of Fairburn in 1542.One of his successors added the stair tower.It was probably Alexander, the [&hellip;]<\/p>\n","protected":false},"author":2,"featured_media":0,"parent":0,"menu_order":0,"comment_status":"closed","ping_status":"closed","template":"","meta":{"_et_pb_use_builder":"on","_et_pb_old_content":"<!-- wp:divi\/placeholder \/-->","_et_gb_content_width":"","footnotes":""},"_links":{"self":[{"href":"https:\/\/fairburn-estate.co.uk\/index.php?rest_route=\/wp\/v2\/pages\/1078"}],"collection":[{"href":"https:\/\/fairburn-estate.co.uk\/index.php?rest_route=\/wp\/v2\/pages"}],"about":[{"href":"https:\/\/fairburn-estate.co.uk\/index.php?rest_route=\/wp\/v2\/types\/page"}],"author":[{"embeddable":true,"href":"https:\/\/fairburn-estate.co.uk\/index.php?rest_route=\/wp\/v2\/users\/2"}],"replies":[{"embeddable":true,"href":"https:\/\/fairburn-estate.co.uk\/index.php?rest_route=%2Fwp%2Fv2%2Fcomments&post=1078"}],"version-history":[{"count":18,"href":"https:\/\/fairburn-estate.co.uk\/index.php?rest_route=\/wp\/v2\/pages\/1078\/revisions"}],"predecessor-version":[{"id":1677,"href":"https:\/\/fairburn-estate.co.uk\/index.php?rest_route=\/wp\/v2\/pages\/1078\/revisions\/1677"}],"wp:attachment":[{"href":"https:\/\/fairburn-estate.co.uk\/index.php?rest_route=%2Fwp%2Fv2%2Fmedia&parent=1078"}],"curies":[{"name":"wp","href":"https:\/\/api.w.org\/{rel}","templated":true}]}}